{"id":105,"date":"2025-07-25T08:57:23","date_gmt":"2025-07-25T08:57:23","guid":{"rendered":"https:\/\/longwatchstudio.ch\/?page_id=105"},"modified":"2025-08-28T13:48:24","modified_gmt":"2025-08-28T13:48:24","slug":"unsere-methode","status":"publish","type":"page","link":"https:\/\/longwatchstudio.ch\/de\/unsere-methode\/","title":{"rendered":"Unsere Arbeitsweise"},"content":{"rendered":"<img decoding=\"async\" src=\"https:\/\/longwatchstudio.ch\/wp-content\/uploads\/2025\/07\/Mountains-1.svg\"\/>        \n            <h1>Einfache Methoden<\/h1>\n            <h4>(die aber \u00e4usserst effektiv sind)<\/h4>\n            1.\n            <h2>Sie kennenlernen<\/h2>\n                    <h4>Premier \u00e9change &#8211; D\u00e9couverte gratuite<\/h4>\n                    <p>Ein unverbindliches Treffen, um Ihre Herausforderungen und Ziele zu verstehen. Wir f\u00fchren eine erste Einsch\u00e4tzung durch und stellen unseren Ansatz vor. Gemeinsam mit Ihnen beurteilen wir Ihre Situation und stellen fest, ob Sie unsere Dienste ben\u00f6tigen.<\/p>\n                    <h4>Audit structur\u00e9 &#8211; Comprendre pour agir<\/h4>\n                    <p>Nous analysons vos processus internes, vos outils, votre infrastructure informatique et vos m\u00e9thodes de travail. Cet audit donne lieu \u00e0 un rapport d\u00e9taill\u00e9, accessible et prioris\u00e9. Selon votre souhait et les champs d&rsquo;action \u00e0 mettre en \u0153uvre, il peut se faire sur votre lieu de travail ou \u00e0 distance.<\/p>\n        <img decoding=\"async\" src=\"https:\/\/longwatchstudio.ch\/wp-content\/uploads\/2025\/07\/training.svg\"\/>        \n            2.\n            <h2>Schnelles Handeln, sofortiger Erfolg<\/h2>\n                    <h4>Die kleinen Frustrationen wegfegen<\/h4>\n                    <p>Tous les jours, nous perdons non seulement du temps mais aussi de l&rsquo;\u00e9nergie \u00e0 lutter contre les outils n\u00e9cessaires \u00e0 notre travail. Dans de nombreux cas, <b>ist es m\u00f6glich, Blockaden und Frustrationen schnell zu beseitigen<\/b>. Durch kleinere Prozess\u00e4nderungen, die Einf\u00fchrung neuer Tools oder Schulungen unterst\u00fctzen wir Ihre Mitarbeiter bei der Suche <b>nach sofortigem Wohlbefinden<\/b>.<\/p>\n                    <h4>Durch Trainings Ihre IT-Tools beherrschen<\/h4>\n                    <p>Die <b>Technologie entwickelt sich schnell<\/b>, die digitale Tools ebenso. Dennoch <b>la plupart des m\u00e9tiers se concentrent sur d&rsquo;autres aspects, humains ou pratiques<\/b>. Wir begleiten Ihre Teams bei der Erst- und Weiterbildung im Umgang mit IT-Tools. So haben sie mehr Zeit <b>sich auf ihr Kerngesch\u00e4ft zu konzentrieren<\/b>.<\/p>\n            3.\n            <h2>Eine reibungslose Transformation<\/h2>\n                    <h4>Ihr Know-how nutzen<\/h4>\n                    <p>Es ist uns bewusst, dass <b>die wichtigste Ressource<\/b> de votre structure, c&rsquo;est le <b>das Wissen Ihrer Mitarbeiter ist<\/b>. C&rsquo;est pourquoi nous \u00e9laborons avec eux un plan d&rsquo;action sur 6 \u00e0 18 mois, <b>der an Ihre Priorit\u00e4ten, Ihr Budget und Ihre Personalressourcen angepasst ist<\/b>. L&rsquo;objectif est d&rsquo;am\u00e9liorer vos m\u00e9thodes, vos outils et votre organisation, <b>- und zwar ohne Unterbrechung<\/b>.<\/p>\n                    <h4>Ihr Teamspirit wachsen lassen<\/h4>\n                    <p>Tout au long du processus de transformation, nous intervenons aupr\u00e8s de votre \u00e9quipe pour des sessions de formations en petits ou moyens groupes. Nous pouvons aussi, si besoin, r\u00e9aliser des permanences sur site, afin de permettre \u00e0 vos collaborateurs d&rsquo;<b>ihrem eigenen Tempo weiterentwickeln k\u00f6nnen<\/b>.<\/p>\n        <img decoding=\"async\" src=\"https:\/\/longwatchstudio.ch\/wp-content\/uploads\/2025\/07\/Evolution-BG.svg\"\/>        \n            4.\n            <h2>Kontinuierliche Verbesserung<\/h2>\n                    <h4>Die Nachhaltigkeit der L\u00f6sungen sichern<\/h4>\n                    <p>F\u00fcr Organisationen, die sich das w\u00fcnschen, k\u00f6nnen wir eine regelm\u00e4ssige \u00dcberwachung mit viertelj\u00e4hrlichen oder halbj\u00e4hrlichen Updates einrichten, um die Nachhaltigkeit der \u00c4nderungen sicherzustellen.<\/p>\n                    <h4>Der technologische Wandel im Griff haben<\/h4>\n                    <p>Notre \u00e9quipe suit r\u00e9guli\u00e8rement des formations et effectue une veille technologique sur les outils, nouveaux ou existants. S&rsquo;ils sont pertinents pour votre structure, nous vous en informerons. Le cas \u00e9ch\u00e9ant, nous vous accompagnerons pour leur mise en oeuvre.<\/p>","protected":false},"excerpt":{"rendered":"<p>Une m\u00e9thode simple (mais redoutablement efficace) 1. Apprendre \u00e0 vous conna\u00eetre Premier \u00e9change &#8211; D\u00e9couverte gratuite Un rendez-vous sans engagement pour comprendre vos enjeux, vos difficult\u00e9s et vos objectifs. Nous faisons un premier \u00e9tat des lieux et vous pr\u00e9sentons notre d\u00e9marche. Nous \u00e9tudions avec vous votre situation pour savoir si vous avez besoin de nos&hellip;<\/p>","protected":false},"author":1,"featured_media":0,"parent":0,"menu_order":0,"comment_status":"closed","ping_status":"closed","template":"","meta":{"inline_featured_image":false,"footnotes":""},"class_list":["post-105","page","type-page","status-publish","hentry"],"_links":{"self":[{"href":"https:\/\/longwatchstudio.ch\/de\/wp-json\/wp\/v2\/pages\/105","targetHints":{"allow":["GET"]}}],"collection":[{"href":"https:\/\/longwatchstudio.ch\/de\/wp-json\/wp\/v2\/pages"}],"about":[{"href":"https:\/\/longwatchstudio.ch\/de\/wp-json\/wp\/v2\/types\/page"}],"author":[{"embeddable":true,"href":"https:\/\/longwatchstudio.ch\/de\/wp-json\/wp\/v2\/users\/1"}],"replies":[{"embeddable":true,"href":"https:\/\/longwatchstudio.ch\/de\/wp-json\/wp\/v2\/comments?post=105"}],"version-history":[{"count":33,"href":"https:\/\/longwatchstudio.ch\/de\/wp-json\/wp\/v2\/pages\/105\/revisions"}],"predecessor-version":[{"id":255,"href":"https:\/\/longwatchstudio.ch\/de\/wp-json\/wp\/v2\/pages\/105\/revisions\/255"}],"wp:attachment":[{"href":"https:\/\/longwatchstudio.ch\/de\/wp-json\/wp\/v2\/media?parent=105"}],"curies":[{"name":"wp","href":"https:\/\/api.w.org\/{rel}","templated":true}]}}