{"id":159,"date":"2025-07-31T09:50:10","date_gmt":"2025-07-31T09:50:10","guid":{"rendered":"https:\/\/longwatchstudio.ch\/?page_id=159"},"modified":"2025-10-22T06:38:03","modified_gmt":"2025-10-22T06:38:03","slug":"dienstleistungen","status":"publish","type":"page","link":"https:\/\/longwatchstudio.ch\/de\/dienstleistungen\/","title":{"rendered":"Dienstleitsungen"},"content":{"rendered":"<section aria-label=\"Nos Prestations\">\n  <!-- Informatique -->\n  <a href=\"#audits\" aria-label=\"Audits\">\n      Audits\n      Informatique \u00b7 Process \u00b7 S\u00e9curit\u00e9\n  <\/a>\n  <!-- Ergonomie -->\n  <a href=\"#infogerance\" aria-label=\"Outsourcing\">\n      Infog\u00e9rance\n      Pilotage \u00b7 Evolutions \u00b7 Formation\n  <\/a>\n  <!-- Support -->\n  <a href=\"#optimisation\" aria-label=\"Optimierung\">\n      Optimisation\n      Process \u00b7 Equipes \u00b7 Temps\n  <\/a>\n  <!-- Optimisation -->\n  <a href=\"#securite\" aria-label=\"Sicherheit\">\n      S\u00e9curit\u00e9\n      Infrastructure \u00b7 Donn\u00e9es \u00b7 Acc\u00e8s\n  <\/a>\n    <!-- Optimisation -->\n  <a href=\"#support\" aria-label=\"IT-Support\">\n      Support\n      Software \u00b7 Hardware \u00b7 Ergonomie\n  <\/a>\n  <!-- Optimisation -->\n  <a href=\"#dev\" aria-label=\"Unsere Entwicklung\">\n      D\u00e9veloppement\n      Sites Web \u00b7 Plugins \u00b7 Sur Mesure\n  <\/a>  \n<\/section>\n            <h2>Audits<\/h2>\n                    <h4>Identifier les difficult\u00e9s&#8230;<\/h4>\n                    <p>Je nach Bedarf besuchen unsere Teams Ihren Standort, um ein Audit durchzuf\u00fchren. Wir f\u00fchren folgende Aufgaben durch:<\/p>\n                    <ul>\n                        <li>Analyse Ihrer <b>internen Abl\u00e4ufe<\/b><\/li>\n                        <li>Treffen mit Mitarbeitern und Ausf\u00fcllen von massgeschneiderten Frageb\u00f6gen<\/li>\n                        <li>Analyse von Ihrer IT-Infrastruktur<\/li>\n                        <li>Tiefen Blick in Ihrer Arbeitsweise<\/li>\n                        <li>Status der <b>Verf\u00fcgbarkeit und Relevanz<\/b> der Informationen<\/li>\n                        <li>Liste der verwendeten Software und deren jeweiliger Einsatzzweck<\/li>\n                    <\/ul>\n                    <h4>Wissen, wie man handelt<\/h4>\n                    <p>\u00c0 l&rsquo;issue de cet audit, nos \u00e9quipes analysent les donn\u00e9es et se coordonnent afin de vous remettre un rapport d\u00e9taill\u00e9, accessible et prioris\u00e9. Ce rapport met l&rsquo;accent sur les points suivants :<\/p>\n                    <ul>\n                        <li>\u00dcberblick \u00fcber die Situation<\/li>\n                        <li>Rapport sur les points forts et points faibles de l&rsquo;organisation actuelle<\/li>\n                        <li>M\u00e9triques pr\u00e9cis sur les potentielles pertes de temps et d&rsquo;efficacit\u00e9<\/li>\n                        <li>Liste der dringend zu ergreifenden Massnahmen und der erwarteten Verbesserungen<\/li>\n                        <li>Eine Pr\u00e4sentation \u00fcber den empfohlenen mittelfristigen Entwicklungen<\/li>\n                        <li>Empfehlungen bez\u00fcglich IT-Sicherheitsmassnahmen<\/li>\n                    <\/ul>\n                    <p>Wenn es w\u00fcnschenswert ist, erstellen wir am Ende der Pr\u00e4sentation einen Zeitplan f\u00fcr die Durchf\u00fchrung vorrangiger Aufgaben, um sofortige Erfolge zu erzielen.<\/p>\n        <img decoding=\"async\" src=\"https:\/\/longwatchstudio.ch\/wp-content\/uploads\/2025\/08\/Infogerance.svg\"\/>        \n            <h2>Outsourcing<\/h2>\n                    <h4>Ein Ansprechsartner, der Sie kennt<\/h4>\n                    <p>Dans de nombreuses structures, l&rsquo;informatique est g\u00e9r\u00e9e par une multitude de fournisseurs. Mat\u00e9riel, logiciels, h\u00e9bergement ou s\u00e9curit\u00e9 sont autant de sujets majeurs pour vous. Avec Long Watch Studio, vous n&rsquo;avez pas besoin d&rsquo;avoir de connaissances particuli\u00e8res. <b>Wir lernen Sie kennen und unterst\u00fctzen Sie t\u00e4glich in allen Belangen Ihrer IT<\/b>Ein Ansprechpartner, der Sie kennt und versteht. Das macht einen grossen Unterschied.<\/p>\n                    <h4>Die Verwaltung Ihrer Dienstanbieter<\/h4>\n                    <p>Votre contact chez Long Watch Studio g\u00e8re pour vous l&rsquo;ensemble des relations avec vos prestataires informatiques. Cela vous garantit de b\u00e9n\u00e9ficier des meilleurs services au meilleur prix. Pour chaque besoin identifi\u00e9, nous trouvons le meilleur prestataire qui permettra de r\u00e9pondre au mieux \u00e0 la demande, au meilleur prix. Toutes les d\u00e9cisions sont prises en coordination avec vous. Nous vous fournissons des informations claires et des rapports mensuels d\u00e9taill\u00e9s sur les actions men\u00e9es<\/p>\n                    <h4>Wir \u00fcbernehmen Ihr Software Lifecycle<\/h4>\n                    <p>Wir \u00fcberwachen die Funktion Ihrer Software - allgemein oder gesch\u00e4ftlich. Um maximale Verf\u00fcgbarkeit zu gew\u00e4hrleisten, planen wir Updates ausserhalb der B\u00fcrostunden.<\/p> \n                    <h4>Anwenderschulungen<\/h4>\n                    <p class=\"translation-block\">Wir arbeiten mit Ihren Mitarbeitern zusammen, <b>7um ein hohes Mass an Wissen \u00fcber IT-Tools, deren Nutzung und deren M\u00f6glichkeiten zu erhalten<\/b>. Ihre Teams lernen schrittweise Kompetenzen. Die eingesparte Zeit erm\u00f6glicht es ihnen, sich auf ihr Kerngesch\u00e4ft zu konzentrieren.<\/p>\n            <h2>Prozessoptimierung<\/h2>\n                    <h4>Eine rationalisierte Organisation<\/h4>\n                    <p class=\"translation-block\">Wir unterst\u00fctzen Sie dabei, <b>Ihre Arbeitsabl\u00e4ufe zu kl\u00e4ren, zu strukturieren und zu optimieren<\/b>. So schaffen Sie Zeit, steigern die Effizienz Ihrer Teams und verbessern Ihre Leistung nachhaltig. Mit einem individuellen Ansatz arbeiten wir an der internen Organisation, dem Projektmanagement und der Implementierung von Best Practices, die auf Ihre Bed\u00fcrfnisse zugeschnitten sind.<\/p>                \n                    <h4>Effizienzsteigerungen finden<\/h4>\n                    <p>Wir bieten folgende Leistungen an:<\/p>\n                    <ul>\n                        <li>L&rsquo;organisation interne \u00e0 travers l&rsquo;am\u00e9lioration de vos process, le conseil en gestion de vos \u00e9quipes et de vos projets<\/li>\n                        <li class=\"translation-block\">Die Entwicklung hin zu <b>einer besseren Nutzung Ihrer Zeit<\/b><\/li>\n                        <li>L&rsquo;optimisation de vos m\u00e9thodes gr\u00e2ce \u00e0 la mise en place de nouveaux outils ou \u00e0 l&rsquo;am\u00e9lioration des outils existants<\/li>\n                        <li> Eine bessere Verwaltung Ihrer Gesch\u00e4ftsunterlagen und Datenquellen<\/li>\n                        <li class=\"translation-block\"><b>Die interne Schulungen f\u00fcr Ihre Teams zur St\u00e4rkung der Autonomie und vom Zusammenhalt<\/b> in einem personalisierten und menschlichen Ansatz<\/li>\n                    <\/ul>\n        <img decoding=\"async\" src=\"https:\/\/longwatchstudio.ch\/wp-content\/uploads\/2025\/07\/Security.svg\"\/>        \n            <h2>IT-Sicherheit<\/h2>\n                    <h4>Lernen, was auf dem Spiel steht<\/h4>\n                    <p>La s\u00e9curit\u00e9 informatique est devenu un enjeu majeur dans notre soci\u00e9t\u00e9. Les attaques se multiplient et tous les secteurs d&rsquo;activit\u00e9 sont vis\u00e9s. Nous vous sensibilisons \u00e0 ces questions avec une approche th\u00e9matique afin de voir comment prot\u00e9ger votre organisation<\/p>\n                    <h4>St\u00e4rken Sie Ihre Sicherheit<\/h4>\n                    <p>Nous vous accompagnons dans la mise en place d&rsquo;outils de s\u00e9curit\u00e9 renforc\u00e9s. Nous vous aidons \u00e0 mettre en place l&rsquo;authentification multi-facteurs, l&rsquo;encryption des \u00e9changes et la s\u00e9curisation des donn\u00e9es. Nous intervenons aupr\u00e8s de prestataires ext\u00e9rieurs pour r\u00e9aliser des tests de vuln\u00e9rabilit\u00e9.<\/p>\n                    <h4>Menschen ausbilden<\/h4>\n                    <p>Die \u00fcberwiegende Mehrheit erfolgreicher Angriffe ist auf schlecht geschultes Personal zur\u00fcckzuf\u00fchren, das versehentlich Zugriff auf die Tools von Ihrem Unternehmen gew\u00e4hrt. Mit der Weiterentwicklung der KI versch\u00e4rft sich dieses Problem um ein Vielfaches. Wir arbeiten mit Ihren Teams zusammen, um ihre Wachsamkeit zu erh\u00f6hen, ihnen beizubringen, Bedrohungen zu erkennen und um angemessen zu reagieren.<\/p> \n            <h2>IT-Support<\/h2>\n                    <h4>Software Support<\/h4>\n                    Nous centralisons pour vous l&rsquo;ensemble de vos besoins de support logiciels. Lorsque cela est possible nous intervenons directement aupr\u00e8s de vos \u00e9quipes pour solutionner rapidement leurs probl\u00e8mes. Dans le cas contraire, nous nous occupons de contacter les \u00e9diteurs et de g\u00e9rer les probl\u00e8mes remont\u00e9s avec eux.<br \/>\n                    Dank der F\u00e4higkeiten von unserem Support-Team werden Probleme schnell erkannt und gel\u00f6st.\n                    <h4>Hardware Support<\/h4>\n                    <p>Notre \u00e9quipe d&rsquo;administration syst\u00e8me vous accompagne pour les actions suivantes<\/p>\n                    <ul>\n                        <li class=\"translation-block\">Die <b>Analyse und Dimensionierung Ihrer Server<\/b> um k\u00fcnftige Entwicklungen reibungslos zu planen<\/li>\n                        <li>Die Konfiguration Ihrer internen Infrastruktur und die Sicherung vom Datenaustausch mit Externen<\/li>\n                        <li class=\"translation-block\">Die <b>Beratung zu an Ihre Benutzer angepassten IT-Tools<\/b> und das Management Ihrer Beziehungen zu Ihren IT-Lieferanten<\/li>\n                        <li>Sensibilisation \u00e0 l&rsquo;ergonomie de travail, am\u00e9lioration du confort via la mise en place de mat\u00e9riel adapt\u00e9<\/li>\n                    <\/ul>\n        <img decoding=\"async\" src=\"https:\/\/longwatchstudio.ch\/wp-content\/uploads\/2025\/08\/web-development-1.svg\"\/>        \n            <h2>Webentwicklung<\/h2>\n                    <h4>Eine Website, die Sie getreu repr\u00e4sentiert<\/h4>\n                    <p>Long Watch Studio vous accompagne dans la cr\u00e9ation de votre site web. Notre \u00e9quipe prend le temps de vous conna\u00eetre, vous et votre entreprise, afin de vous proposer le site web le plus adapt\u00e9 \u00e0 vos besoins. Qu&rsquo;il s&rsquo;agisse d&rsquo;un site vitrine pour pr\u00e9senter votre activit\u00e9 ou d&rsquo;une plateforme de vente en ligne, nos experts sauront r\u00e9pondre \u00e0 vos besoins.<\/p>\n                    <h4>Massgeschneiderte Funktionen hervorheben<\/h4>\n                    <p>Gr\u00e2ce \u00e0 notre \u00e9quipe de d\u00e9veloppeurs s\u00e9niors, il est possible d&rsquo;ajouter facilement des fonctionnalit\u00e9s qui vous sont sp\u00e9cifiques. Au del\u00e0 des fonctionnalit\u00e9s standard d&rsquo;un site web, nous pouvons proposer \u00e0 vos visiteurs ou clients une exp\u00e9rience unique qui renforcera le lien de confiance avec votre marque ou entreprise.<\/p>","protected":false},"excerpt":{"rendered":"<p>Audits Informatique \u00b7 Process \u00b7 S\u00e9curit\u00e9 Infog\u00e9rance Pilotage \u00b7 Evolutions \u00b7 Formation Optimisation Process \u00b7 Equipes \u00b7 Temps S\u00e9curit\u00e9 Infrastructure \u00b7 Donn\u00e9es \u00b7 Acc\u00e8s Support Software \u00b7 Hardware \u00b7 Ergonomie D\u00e9veloppement Sites Web \u00b7 Plugins \u00b7 Sur Mesure Audits Identifier les difficult\u00e9s&#8230; Selon vos besoins, nos \u00e9quipes se d\u00e9placent sur site afin de r\u00e9aliser un&hellip;<\/p>","protected":false},"author":1,"featured_media":0,"parent":0,"menu_order":0,"comment_status":"closed","ping_status":"closed","template":"","meta":{"inline_featured_image":false,"footnotes":""},"class_list":["post-159","page","type-page","status-publish","hentry"],"_links":{"self":[{"href":"https:\/\/longwatchstudio.ch\/de\/wp-json\/wp\/v2\/pages\/159","targetHints":{"allow":["GET"]}}],"collection":[{"href":"https:\/\/longwatchstudio.ch\/de\/wp-json\/wp\/v2\/pages"}],"about":[{"href":"https:\/\/longwatchstudio.ch\/de\/wp-json\/wp\/v2\/types\/page"}],"author":[{"embeddable":true,"href":"https:\/\/longwatchstudio.ch\/de\/wp-json\/wp\/v2\/users\/1"}],"replies":[{"embeddable":true,"href":"https:\/\/longwatchstudio.ch\/de\/wp-json\/wp\/v2\/comments?post=159"}],"version-history":[{"count":38,"href":"https:\/\/longwatchstudio.ch\/de\/wp-json\/wp\/v2\/pages\/159\/revisions"}],"predecessor-version":[{"id":388,"href":"https:\/\/longwatchstudio.ch\/de\/wp-json\/wp\/v2\/pages\/159\/revisions\/388"}],"wp:attachment":[{"href":"https:\/\/longwatchstudio.ch\/de\/wp-json\/wp\/v2\/media?parent=159"}],"curies":[{"name":"wp","href":"https:\/\/api.w.org\/{rel}","templated":true}]}}