{"id":16,"date":"2025-06-14T14:39:02","date_gmt":"2025-06-14T14:39:02","guid":{"rendered":"https:\/\/longwatchstudio.ch\/?page_id=16"},"modified":"2025-09-04T08:44:48","modified_gmt":"2025-09-04T08:44:48","slug":"home","status":"publish","type":"page","link":"https:\/\/longwatchstudio.ch\/de\/","title":{"rendered":"Home"},"content":{"rendered":"<section aria-label=\"Unsere 4 Dienstleistungen\">\n  <!-- Informatique -->\n  <a href=\"#informatique\" aria-label=\"Informatik\">\n      Informatique\n      Software \u00b7 IA \u00b7 Sys Admin \u00b7 S\u00e9curit\u00e9\n  <\/a>\n  <!-- Ergonomie -->\n  <a href=\"#ergonomie\" aria-label=\"Ergonomie\">\n      Ergonomie\n      Poste de travail \u00b7 Bien-\u00eatre \u00b7 Accessibilit\u00e9\n  <\/a>\n  <!-- Support -->\n  <a href=\"#support\" aria-label=\"IT-Support\">\n      Support\n      Helpdesk \u00b7 Formation \u00b7 Hardware\n  <\/a>\n  <!-- Optimisation -->\n  <a href=\"#optimisation\" aria-label=\"Optimierung\">\n      Optimisation\n      Organisation \u00b7 Ressources Humaines \u00b7 Process\n  <\/a>\n<\/section>\n            <h2>Ein Partner, der Sie kennt<\/h2>\n                    <h4>Ihre Struktur ist einzigartig<\/h4>\n                    <p>Une structure, priv\u00e9e ou publique, quel que soit son domaine d&rsquo;activit\u00e9, est forc\u00e9ment diff\u00e9rente de toutes les autres. M\u00eame dans un secteur d&rsquo;activit\u00e9 similaire.<\/p>\n                    <p class=\"translation-block\"><b>Durch Ihre interne Struktur, Ihre Teams und die von Ihnen implementierten L\u00f6sungen haben Sie Ihr eigenes \u00d6kosystem geschaffen.<\/b> Es ist wichtig, <b>es zu bewahren<\/b>.<\/p>\n                    <p>Wie jedes System bringt es jedoch einzigartige Herausforderungen mit sich; Zeitverlust, kleinere Frustrationen oder nicht mehr geeignete Tools sind alles Faktoren, die Ihr Gesch\u00e4ft behindern k\u00f6nnen.<\/p>\n                    <p>C&rsquo;est pourquoi vous conna\u00eetre est aussi essentiel. Il est n\u00e9cessaire de <b>trouver des solutions sp\u00e9cifiques adapt\u00e9es \u00e0 vos besoins.<\/b><\/p>\n                    <p class=\"translation-block\"><b>Mit Sitz im Schweizer Jura<\/b> sind wir im gesamten Kanton sowie in den Nachbarkantonen t\u00e4tig.<\/p>\n                    <h4>Notre approche l&rsquo;est tout autant<\/h4>\n                    <p>Seit 2017 unterst\u00fctzt Long Watch Studio <b>Unternehmen, Verwaltungen und Verb\u00e4nde bei ihrer Entwicklung,<\/b> dans leur \u00e9volution, tant informatique qu&rsquo;organisationnelle. Nous aimons conna\u00eetre nos clients dans leur globalit\u00e9. Savoir qui sont vos collaborateurs, quelle est votre organisation interne et comprendre votre activit\u00e9 sont les piliers sur lesquels nous basons nos services.<\/p>\n                    <p>C&rsquo;est pourquoi <b>nous ne vous proposerons jamais nos services si nous ne sommes pas capables de vous apporter une r\u00e9elle plus-value<\/b><\/p>\n                    <p>Unser Ziel ist es, <b>Ihnen das Leben zu erleichtern.<\/b>Unser multidisziplin\u00e4res Team arbeitet in vielen Bereichen, <b>um Reibungsverluste zu vermeiden und den Arbeitskomfort Ihrer Mitarbeiter zu verbessern<\/b><\/p>\n                    <p>Si vous n&rsquo;\u00eates pas convaincu, <b>prenez rendez-vous !<\/b>. Nous vous rencontrons gratuitement \u00e0 votre convenance et prenons le temps n\u00e9cessaire pour vous. A l&rsquo;issue de ce rendez-vous, <b>vous d\u00e9cidez si notre approche est pertinente ou pas<\/b> pour votre structure.<\/p>\n                    <a href=\"\/de\/unsere-methode\/\">\n                        Entdecken Sie unseren Ansatz\n                    <\/a>\n            <h2>Durch clevere Eins\u00e4tze sparen<\/h2>\n                    <h4>Mehr Kontrolle \u00fcber externen Ausgaben<\/h4>\n                    <p class=\"translation-block\">Wir analysieren Ihre aktuellen Betriebsabl\u00e4ufe und zeigen Ihnen die unn\u00f6tigen Redundanzen oder Abh\u00e4ngigkeiten auf. Das Ziel sei die <b>Reduktion Ihrer Kosten durch die Optimierung von Ihrem tats\u00e4chlichen Bedarf<\/b>.<\/p>\n                    <h4>Mehr Informationen zu internen Kosten<\/h4>\n                    <p class=\"translation-block\">Wir unterst\u00fctzen Sie bei der <b>Auswahl der f\u00fcr Ihr Unternehmen am besten geeigneten B\u00fcro- und digitalen Infrastrukturen<\/b>, um unn\u00f6tige Ausgaben zu vermeiden und das Beste aus vorhandenen L\u00f6sungen herauszuholen.<\/p>\n                    <h4>Mehr Zeit<\/h4>\n                    <p class=\"translation-block\">Indem wir Ihre internen Prozesse neu denken, <b>vereinfachen wir Ihre Arbeitsmethoden<\/b> und eliminieren zeitaufw\u00e4ndige Aufgaben. Ihre Mitarbeiter gewinnen an Produktivit\u00e4t und Komfort bei ihrer t\u00e4glichen Arbeit.<\/p>\n                    <h4>Weniger Stress<\/h4>\n                    <p class=\"translation-block\">Wir \u00fcberdenken die Ergonomie Ihrer physischen und digitalen Arbeitspl\u00e4tze. Das Ergebnis: <b>eine intuitivere Umgebung<\/b>, weniger Frustration und ein angenehmeres Arbeitserlebnis f\u00fcr Ihre Teams.<\/p>\n                    <a href=\"\/de\/kontakt\/\">\n                        Kostenlosen Termin buchen\n                    <\/a>\n            <h2>L&rsquo;informatique autrement<\/h2>\n                    <h4>Outsourcing<\/h4>\n                    <p>Dans de nombreuses structures, l&rsquo;informatique est g\u00e9r\u00e9e par une multitude de fournisseurs. Mat\u00e9riel, logiciels, h\u00e9bergement ou s\u00e9curit\u00e9 sont autant de sujets majeurs pour vous. <b>Avec Long Watch Studio, vous n&rsquo;avez pas besoin d&rsquo;avoir de connaissances particuli\u00e8res<\/b>. Nous apprenons \u00e0 vous conna\u00eetre et nous vous accompagnons au quotidien dans tous les aspects de votre informatique. Un interlocuteur qui vous conna\u00eet et qui vous comprend, \u00e7a fait toute la diff\u00e9rence !<\/p>\n                    <p>Votre contact chez Long Watch Studio <b>g\u00e8re pour vous l&rsquo;ensemble des relations avec vos prestataires informatiques<\/b>. Cela vous <b>garantit de b\u00e9n\u00e9ficier des meilleurs services au meilleur prix.<\/b>.<\/p>\n                    <h4>Sicherheit<\/h4>\n                    <p><b>La s\u00e9curit\u00e9 informatique est devenu un enjeu majeur dans notre soci\u00e9t\u00e9<\/b>. Les attaques se multiplient et tous les secteurs d&rsquo;activit\u00e9 sont vis\u00e9s. Nous vous sensibilisons \u00e0 ces questions avec une approche th\u00e9matique afin de voir comment <b>prot\u00e9ger votre organisation<\/b>.<\/p>\n                    <p>Nous vous accompagnons dans la mise en place d&rsquo;outils de s\u00e9curit\u00e9 renforc\u00e9s. Nous vous aidons \u00e0 mettre en place l&rsquo;authentification multi-facteurs, l&rsquo;encryption des \u00e9changes et la s\u00e9curisation des donn\u00e9es. Nous intervenons aupr\u00e8s de prestataires ext\u00e9rieurs pour r\u00e9aliser des tests de vuln\u00e9rabilit\u00e9.<\/p>\n                    <h4>Webentwicklung<\/h4>\n                    <p><b>Long Watch Studio vous accompagne dans la cr\u00e9ation de votre site web<\/b>. Qu&rsquo;il s&rsquo;agisse d&rsquo;un site vitrine pour pr\u00e9senter votre activit\u00e9 ou d&rsquo;une plateforme de vente en ligne, nos experts sauront r\u00e9pondre \u00e0 vos besoins.<\/p>\n                    <p>Au del\u00e0 des fonctionnalit\u00e9s standard d&rsquo;un site web, nous pouvons proposer \u00e0 vos visiteurs ou clients <b>une exp\u00e9rience unique qui renforcera le lien de confiance avec votre marque ou entreprise<\/b>.<\/p>\n                    <h4>K\u00fcnstliche Intelligenz<\/h4>\n                    <p>Cela ne vous a pas \u00e9chapp\u00e9, l&rsquo;IA est partout. Cependant, elle reste pour la plupart des personnes mal comprise. <b>Les IA repr\u00e9sentent \u00e0 la fois des opportunit\u00e9s et des dangers<\/b>. Nous prenons les devants et formons votre personnel pour leur pr\u00e9senter ces deux aspects. Non seulement cela permettra de renforcer la s\u00e9curit\u00e9, mais cela permettra aussi d&rsquo;en avoir un usage productif.<\/p>\n                    <a href=\"\/de\/dienstleistungen\/\">\n                        Zu unseren Dienstleistungen\n                    <\/a>\n            <h2>Arbeitskomfort als Mittelpunkt<\/h2>\n                    <h4>Angepasste digitale L\u00f6sungen<\/h4>\n                    <p>Nous supervisons <b>le bon fonctionnement de vos logiciels g\u00e9n\u00e9riques ou m\u00e9tiers<\/b>. Nous proposons des outils adapt\u00e9s permettant rapidement la productivit\u00e9 et l&rsquo;efficacit\u00e9 de vos \u00e9quipes.<\/p>\n                    <p class=\"translation-block\">Wir arbeiten mit Ihren Mitarbeitern zusammen, <b>7um ein hohes Mass an Wissen \u00fcber IT-Tools, deren Nutzung und deren M\u00f6glichkeiten zu erhalten<\/b>. Ihre Teams lernen schrittweise Kompetenzen. Die eingesparte Zeit erm\u00f6glicht es ihnen, sich auf ihr Kerngesch\u00e4ft zu konzentrieren.<\/p>\n                    <h4>Ergonomie am Arbeitsplatz<\/h4>\n                    <p>Sitzende T\u00e4tigkeiten stellen eine echte Herausforderung f\u00fcr den menschlichen K\u00f6rper dar. Beispiele hierf\u00fcr sind eine statische Haltung, unergonomische Werkzeuge und intensive Sehanstrengung. Dasselbe gilt f\u00fcr die Arbeit im Feld.<\/p>\n                    <p>Nous identifions, pour chaque employ\u00e9, les contraintes quotidiennes et leur impact \u00e0 long terme sur les <b>capacit\u00e9s motrices et cognitives<\/b>. Suite \u00e0 ce constat, nous vous apportons notre expertise pour r\u00e9organiser et am\u00e9liorer ces espaces. Le but est de <b>limiter l&rsquo;impact des contraintes quotidiennes sur le long terme<\/b>.<\/p>\n                    <h4>Wohlbefinden<\/h4>\n                    <p class=\"translation-block\">Die Gew\u00e4hrleistung vom <b>Wohlbefinden von Ihren Mitarbeitern am Arbeitsplatz ist ein wichtiges wirtschaftliches Thema<\/b>. Es tr\u00e4gt zu guter Konzentration und guter Teamdynamik bei und verringert das Krankheitsrisiko.<\/p>\n                    <p>Qu&rsquo;il s&rsquo;agisse d&rsquo;organiser les espaces de pause, de mettre en place des outils de communication ou de limiter les distractions, nous avons \u00e0 coeur de <b>motiver vos \u00e9quipes au quotidien<\/b>.<\/p>\n                    <h4>Barrierefreiheit<\/h4>\n                    <p><b>L&rsquo;accessibilit\u00e9 n&rsquo;est pas qu&rsquo;une histoire de handicap<\/b>. Le simple fait de porter des lunettes, d&rsquo;avoir plus de cinquante ans ou d&rsquo;avoir une langue maternelle diff\u00e9rentes repr\u00e9sentent des d\u00e9fis.<\/p>\n                    <p>Unsere Teams finden Ihre Schwierigkeiten heraus und finden an die jeweilige Situation angepasste L\u00f6sungen.<\/p>\n            <h2>IT-Support<\/h2>\n                    <h4>Software Support<\/h4>\n                    Nous centralisons pour vous <b>l&rsquo;ensemble de vos besoins de support logiciels<\/b>. Lorsque cela est possible nous intervenons directement aupr\u00e8s de vos \u00e9quipes pour solutionner rapidement leurs probl\u00e8mes. Dans le cas contraire, nous nous occupons de contacter les \u00e9diteurs et de g\u00e9rer les probl\u00e8mes remont\u00e9s avec eux.<br \/>\n                    Dank der F\u00e4higkeiten von unserem Support-Team werden Probleme schnell erkannt und gel\u00f6st.\n                    <h4>Hardware Support<\/h4>\n                    <p>Notre \u00e9quipe d&rsquo;administration syst\u00e8me vous accompagne pour les actions suivantes<\/p>\n                    <ul>\n                        <li class=\"translation-block\">Die <b>Analyse und Dimensionierung Ihrer Server<\/b> um k\u00fcnftige Entwicklungen reibungslos zu planen<\/li>\n                        <li>Die Konfiguration Ihrer internen Infrastruktur und die Sicherung vom Datenaustausch mit Externen<\/li>\n                        <li class=\"translation-block\">Die <b>Beratung zu an Ihre Benutzer angepassten IT-Tools<\/b> und das Management Ihrer Beziehungen zu Ihren IT-Lieferanten<\/li>\n                        <li>Sensibilisation \u00e0 l&rsquo;ergonomie de travail, am\u00e9lioration du confort via la mise en place de mat\u00e9riel adapt\u00e9<\/li>\n                    <\/ul>\n            <h2>Prozessoptimierung<\/h2>\n                    <h4>Eine rationalisierte Organisation<\/h4>\n                    <p class=\"translation-block\">Wir unterst\u00fctzen Sie dabei, <b>Ihre Arbeitsabl\u00e4ufe zu kl\u00e4ren, zu strukturieren und zu optimieren<\/b>. So schaffen Sie Zeit, steigern die Effizienz Ihrer Teams und verbessern Ihre Leistung nachhaltig. Mit einem individuellen Ansatz arbeiten wir an der internen Organisation, dem Projektmanagement und der Implementierung von Best Practices, die auf Ihre Bed\u00fcrfnisse zugeschnitten sind.<\/p>                \n                    <h4>Effizienzsteigerungen finden<\/h4>\n                    <p>Wir bieten folgende Leistungen an:<\/p>\n                    <ul>\n                        <li>L&rsquo;organisation interne \u00e0 travers l&rsquo;am\u00e9lioration de vos process, le conseil en gestion de vos \u00e9quipes et de vos projets<\/li>\n                        <li class=\"translation-block\">Die Entwicklung hin zu <b>einer besseren Nutzung Ihrer Zeit<\/b><\/li>\n                        <li>L&rsquo;optimisation de vos m\u00e9thodes gr\u00e2ce \u00e0 la mise en place de nouveaux outils ou \u00e0 l&rsquo;am\u00e9lioration des outils existants<\/li>\n                        <li> Eine bessere Verwaltung Ihrer Gesch\u00e4ftsunterlagen und Datenquellen<\/li>\n                        <li class=\"translation-block\"><b>Die interne Schulungen f\u00fcr Ihre Teams zur St\u00e4rkung der Autonomie und vom Zusammenhalt<\/b> in einem personalisierten und menschlichen Ansatz<\/li>\n                    <\/ul>","protected":false},"excerpt":{"rendered":"<p>Informatique Software \u00b7 IA \u00b7 Sys Admin \u00b7 S\u00e9curit\u00e9 Ergonomie Poste de travail \u00b7 Bien-\u00eatre \u00b7 Accessibilit\u00e9 Support Helpdesk \u00b7 Formation \u00b7 Hardware Optimisation Organisation \u00b7 Ressources Humaines \u00b7 Process Un partenaire qui vous conna\u00eet Votre structure est unique Une structure, priv\u00e9e ou publique, quel que soit son domaine d&rsquo;activit\u00e9, est forc\u00e9ment diff\u00e9rente de toutes&hellip;<\/p>","protected":false},"author":1,"featured_media":0,"parent":0,"menu_order":0,"comment_status":"closed","ping_status":"closed","template":"","meta":{"inline_featured_image":false,"footnotes":""},"class_list":["post-16","page","type-page","status-publish","hentry"],"_links":{"self":[{"href":"https:\/\/longwatchstudio.ch\/de\/wp-json\/wp\/v2\/pages\/16","targetHints":{"allow":["GET"]}}],"collection":[{"href":"https:\/\/longwatchstudio.ch\/de\/wp-json\/wp\/v2\/pages"}],"about":[{"href":"https:\/\/longwatchstudio.ch\/de\/wp-json\/wp\/v2\/types\/page"}],"author":[{"embeddable":true,"href":"https:\/\/longwatchstudio.ch\/de\/wp-json\/wp\/v2\/users\/1"}],"replies":[{"embeddable":true,"href":"https:\/\/longwatchstudio.ch\/de\/wp-json\/wp\/v2\/comments?post=16"}],"version-history":[{"count":98,"href":"https:\/\/longwatchstudio.ch\/de\/wp-json\/wp\/v2\/pages\/16\/revisions"}],"predecessor-version":[{"id":316,"href":"https:\/\/longwatchstudio.ch\/de\/wp-json\/wp\/v2\/pages\/16\/revisions\/316"}],"wp:attachment":[{"href":"https:\/\/longwatchstudio.ch\/de\/wp-json\/wp\/v2\/media?parent=16"}],"curies":[{"name":"wp","href":"https:\/\/api.w.org\/{rel}","templated":true}]}}