{"id":201,"date":"2025-08-19T12:32:45","date_gmt":"2025-08-19T12:32:45","guid":{"rendered":"https:\/\/longwatchstudio.ch\/?page_id=201"},"modified":"2025-08-21T07:44:53","modified_gmt":"2025-08-21T07:44:53","slug":"kontakt","status":"publish","type":"page","link":"https:\/\/longwatchstudio.ch\/de\/kontakt\/","title":{"rendered":"Kontakt"},"content":{"rendered":"<img decoding=\"async\" src=\"https:\/\/longwatchstudio.ch\/wp-content\/uploads\/2025\/07\/Mountains-1.svg\"\/>        \n            <h1>KONTAKT<\/h1>\n            <h4>SENDEN SIE UNS EINE NACHRICHT<\/h4>\n            <p>Contactez-nous pour en apprendre davantage sur nos prestations ou en vue d&rsquo;un premier rendez-vous. Nous r\u00e9pondons g\u00e9n\u00e9ralement dans un d\u00e9lai de 24h selon votre m\u00e9thode de contact pr\u00e9f\u00e9r\u00e9e. Si vous avez d\u00e9j\u00e0 un contact attitr\u00e9, vous pouvez le contacter directement ou mentionner son nom dans votre message.<\/p>\n            <form method=\"post\" class=\"lws-contact-form\" action=\"\" data-trp-original-action=\"\"><input type=\"hidden\" id=\"lws_cf_nonce\" name=\"lws_cf_nonce\" value=\"fbe4b81d64\" \/><input type=\"hidden\" name=\"_wp_http_referer\" value=\"\/de\/wp-json\/wp\/v2\/pages\/201\" \/><input type=\"hidden\" name=\"lws_cf_action\" value=\"submit\" \/><div style=\"display:none;\"><input type=\"text\" name=\"website\" value=\"\" tabindex=\"-1\" autocomplete=\"off\"><\/div><p><label for=\"lws_name\">Full name *<\/label><br><input type=\"text\" id=\"lws_name\" name=\"name\" value=\"\" required><\/p><p><label for=\"lws_company\">Company \/ Organization<\/label><br><input type=\"text\" id=\"lws_company\" name=\"company\" value=\"\"><\/p><p><label for=\"lws_email\">Email *<\/label><br><input type=\"email\" id=\"lws_email\" name=\"email\" value=\"\" required><\/p><p><label for=\"lws_phone\">Phone (optional)<\/label><br><input type=\"text\" id=\"lws_phone\" name=\"phone\" value=\"\" placeholder=\"+41 12 345 67 89\"><\/p><p><label for=\"lws_subject\">Subject *<\/label><br><select id=\"lws_subject\" name=\"subject\" required><option value=\"contact\"  selected='selected'>General inquiry<\/option><option value=\"support\" >Support request<\/option><option value=\"other\" >Other<\/option><\/select><\/p><p><label>Preferred contact method *<\/label><br><label><input type=\"radio\" name=\"pref_contact\" value=\"email\"  checked='checked' required> Email<\/label><label><input type=\"radio\" name=\"pref_contact\" value=\"phone\"  required> Phone<\/label><\/p><p class=\"two-cols\"><label for=\"lws_message\">Your message *<\/label><br><textarea id=\"lws_message\" name=\"message\" rows=\"6\" required><\/textarea><\/p><div class=\"g-recaptcha\" data-sitekey=\"6LenbqsrAAAAAJ5Z58n3DAbMTF331lcbyPZNNwOz\" data-callback=\"LWS_onCaptchaOK\" data-expired-callback=\"LWS_onCaptchaExpired\" style=\"margin:10px 0;\"><\/div><p class=\"two-cols align-right\"><button type=\"submit\" id=\"lws_submit\" disabled>Send<\/button><\/p><input type=\"hidden\" name=\"trp-form-language\" value=\"de\"\/><\/form>","protected":false},"excerpt":{"rendered":"<p>CONTACT ENVOYEZ NOUS UN MESSAGE Contactez-nous pour en apprendre davantage sur nos prestations ou en vue d&rsquo;un premier rendez-vous. Nous r\u00e9pondons g\u00e9n\u00e9ralement dans un d\u00e9lai de 24h selon votre m\u00e9thode de contact pr\u00e9f\u00e9r\u00e9e. Si vous avez d\u00e9j\u00e0 un contact attitr\u00e9, vous pouvez le contacter directement ou mentionner son nom dans votre message.<\/p>","protected":false},"author":1,"featured_media":0,"parent":0,"menu_order":0,"comment_status":"closed","ping_status":"closed","template":"","meta":{"inline_featured_image":false,"footnotes":""},"class_list":["post-201","page","type-page","status-publish","hentry"],"_links":{"self":[{"href":"https:\/\/longwatchstudio.ch\/de\/wp-json\/wp\/v2\/pages\/201","targetHints":{"allow":["GET"]}}],"collection":[{"href":"https:\/\/longwatchstudio.ch\/de\/wp-json\/wp\/v2\/pages"}],"about":[{"href":"https:\/\/longwatchstudio.ch\/de\/wp-json\/wp\/v2\/types\/page"}],"author":[{"embeddable":true,"href":"https:\/\/longwatchstudio.ch\/de\/wp-json\/wp\/v2\/users\/1"}],"replies":[{"embeddable":true,"href":"https:\/\/longwatchstudio.ch\/de\/wp-json\/wp\/v2\/comments?post=201"}],"version-history":[{"count":8,"href":"https:\/\/longwatchstudio.ch\/de\/wp-json\/wp\/v2\/pages\/201\/revisions"}],"predecessor-version":[{"id":212,"href":"https:\/\/longwatchstudio.ch\/de\/wp-json\/wp\/v2\/pages\/201\/revisions\/212"}],"wp:attachment":[{"href":"https:\/\/longwatchstudio.ch\/de\/wp-json\/wp\/v2\/media?parent=201"}],"curies":[{"name":"wp","href":"https:\/\/api.w.org\/{rel}","templated":true}]}}