{"id":231,"date":"2025-08-26T13:08:15","date_gmt":"2025-08-26T13:08:15","guid":{"rendered":"https:\/\/longwatchstudio.ch\/?page_id=231"},"modified":"2025-09-17T11:54:17","modified_gmt":"2025-09-17T11:54:17","slug":"die-gesellschaft","status":"publish","type":"page","link":"https:\/\/longwatchstudio.ch\/de\/die-gesellschaft\/","title":{"rendered":"Unser Team"},"content":{"rendered":"<section aria-label=\"Unsere 4 Dienstleistungen\">\n  <!-- Informatique -->\n  <a href=\"#histoire\" aria-label=\"Geschichte\">\n      Histoire\n      Soci\u00e9t\u00e9 &#8211; Croissance\n  <\/a>\n  <!-- Ergonomie -->\n  <a href=\"#valeurs\" aria-label=\"Werte\">\n      Valeurs\n      Intelligence collective &#8211; Partage\n  <\/a>\n  <!-- Support -->\n  <a href=\"#educ\" aria-label=\"Bildung\">\n      Education\n      Donn\u00e9es Priv\u00e9es &#8211; S\u00e9curit\u00e9 &#8211; IA\n  <\/a>\n  <!-- Optimisation -->\n  <a href=\"#engagement\" aria-label=\"Unser Engagement\">\n      Engagement\n      Protection des donn\u00e9es &#8211; Right to own\n  <\/a>\n<\/section>\n            <h2>Long Watch Studio<\/h2>\n                    <h4>Unser Team<\/h4>\n                    <p class=\"translation-block\">Wir bei Long Watch Studio glauben, dass der Erfolg von einem Projekt von <b>kollektiver Intelligenz<\/b> abh\u00e4ngt. Jedes Mitglied in unserem Team bringt seine Ideen und sein Fachwissen ein, um unseren Kunden <b>innovative und nachhaltige L\u00f6sungen<\/b> anzubieten. Dieser kollaborative Ansatz macht uns zu einem reaktionsschnellen Unternehmen, das seinen Partnern nahe steht und stets auf ihre Bed\u00fcrfnisse eingeht.<\/p>\n                    <p>Seit 2017 erstellen wir leistungsstarke Websites und individuelle Erweiterungen f\u00fcr WordPress und WooCommerce. Ob beim Launch einer neuen Website, dem Hinzuf\u00fcgen spezifischer Funktionen oder der Optimierung eines Online-Shops \u2013 wir setzen unser Fachwissen ein, um die Ziele unserer Kunden zu erf\u00fcllen.<\/p>\n                    <h4>Unsere Entwicklung<\/h4>\n                    <p>Apr\u00e8s une premi\u00e8re phase de croissance centr\u00e9e sur le d\u00e9veloppement web, nous avons diversifi\u00e9 nos services d\u00e9but 2021 avec une augmentation du nombre de nos collaborateurs. Nous avons pu intervenir sur la s\u00e9curisation des donn\u00e9es et fournir une expertise en administration syst\u00e8me ainsi qu&rsquo;en gestion de parc informatique. Nous avons progressivement mis l&rsquo;accent sur des partenariats de proximit\u00e9 avec des clients qui nous font confiance.<\/p>\n                    <p>L&rsquo;ouverture de notre soci\u00e9t\u00e9 dans le Jura Suisse est le prolongement logique de cette approche, une partie de nos collaborateurs vivant sur place.<\/p>\n            <h2>Unsere Werte<\/h2>\n                    <h4>Kolletive Intelligenz<\/h4>\n                    <p class=\"translation-block\">Wir bei Long Watch Studio glauben, dass <b>die St\u00e4rke von einem Projekt auf kollektiver Intelligenz beruht<\/b>. Indem wir die Ideen und das Fachwissen von Jedem wertsch\u00e4tzen, <b>entwickeln wir innovativere, pragmatischere L\u00f6sungen, die auf die tats\u00e4chlichen Bed\u00fcrfnisse unserer Kunden zugeschnitten sind<\/b>. Dieser kooperative Ansatz f\u00f6rdert unsere N\u00e4he, unsere Reaktionsf\u00e4higkeit und die Qualit\u00e4t der Partnerschaften, die wir mit den von uns unterst\u00fctzten KMU und Verb\u00e4nden aufbauen.<\/p>                \n                    <h4>Zuh\u00f6ren und beraten<\/h4>\n                    <p class=\"translation-block\"><b>Das Zuh\u00f6ren steht bei uns im Mittelpunkt<\/b>. Indem wir Ihre Bed\u00fcrfnisse, Ziele und Einschr\u00e4nkungen verstehen, k\u00f6nnen wir Ihnen personalisierte und effektive L\u00f6sungen anbieten. Dank unserer Expertise bieten wir Ihnen klare und konkrete Beratung, <b>damit jede technologische Entscheidung Ihrem Unternehmen optimal dient und Ihren Alltag vereinfacht<\/b>.<\/p>\n            <h2>Bildung<\/h2>\n                    <h4>Offene Gespr\u00e4che in Schulen<\/h4>\n                    <p class=\"translation-block\">Long Watch Studio arbeitet direkt in Schulen, um <b>Sch\u00fcler, Lehrer und Bildungsteams f\u00fcr gute digitale Praktiken zu sensibilisieren<\/b>. Unsere Kurse sind so konzipiert, dass sie das Verst\u00e4ndnis technologischer Probleme f\u00fcr alle zug\u00e4nglich machen. Ziel ist es, <b>j\u00fcngere Generationen im bewussten und sicheren Umgang mit digitaler Technologie zu schulen<\/b>.<\/p>\n                    <h4>Nutzung sozialer Netzwerke<\/h4>\n                    <p class=\"translation-block\">Wir sprechen mit Sch\u00fclern \u00fcber den verantwortungsvollen Umgang mit sozialen Medien und konzentrieren uns dabei auf <b>bew\u00e4hrte Methoden, Cybermobbing-Pr\u00e4vention und Online-Reputationsmanagement<\/b>. Unsere Sitzungen bieten praktische Beispiele f\u00fcr sicheres Posten, Teilen und Interagieren und sch\u00e4rfen gleichzeitig das Bewusstsein f\u00fcr die sozialen und emotionalen Auswirkungen der Online-Pr\u00e4senz.<\/p>\n                    <h4>Datenschutz<\/h4>\n                    <p class=\"translation-block\">Die Sicherheit pers\u00f6nlicher Daten ist ein wichtiges Thema. Wir vermitteln jungen Sch\u00fclern und ihren Lehrern, wie sie <b>ihre Daten sch\u00fctzen, die mit Online-Konten verbundenen Risiken erkennen und sich bei Phishing-Versuchen, fragw\u00fcrdigen Anwendungen und missbr\u00e4uchlicher Datenerfassung sicher verhalten<\/b> k\u00f6nnen.<\/p>\n                    <h4>Modifications apport\u00e9es par l&rsquo;IA<\/h4>\n                    <p class=\"translation-block\">Abschliessend pr\u00e4sentieren wir die aktuellen Entwicklungen im Bereich der k\u00fcnstlichen Intelligenz und ihre Auswirkungen auf das t\u00e4gliche Leben und die Bildung. Wir helfen Studierenden zu verstehen, <b>wie KI die Erstellung von Inhalten, Online-Interaktionen und das Datenmanagement beeinflusst, und geben ihnen gleichzeitig die Schl\u00fcssel zum verantwortungsvollen und kritischen Umgang mit diesen Technologien<\/b> an die Hand.<\/p>\n            <h2>Unser Engagement<\/h2>\n                    <h4>Sicherheit und digitale Resilienz<\/h4>\n                    <p>Long Watch Studio s&rsquo;engage \u00e0 respecter strictement les cadres l\u00e9gaux europ\u00e9ens et suisses concernant la protection des donn\u00e9es. <b>Nos pratiques sont align\u00e9es sur la LPD<\/b>, garantissant que les informations personnelles de nos clients, partenaires et utilisateurs sont collect\u00e9es, stock\u00e9es et trait\u00e9es de mani\u00e8re s\u00e9curis\u00e9e et transparente.<\/p>\n                    <p class=\"translation-block\">Wir ber\u00fccksichtigen die Empfehlungen des Cyber \u200b\u200bResilience Act, um die <b>Sicherheit und Zuverl\u00e4ssigkeit unserer Systeme und Dienste<\/b> zu gew\u00e4hrleisten. Unser proaktiver Ansatz zielt darauf ab, <b>Vorf\u00e4lle zu verhindern, Schwachstellen zu erkennen und Risiken f\u00fcr die digitalen Infrastrukturen unserer Kunden zu minimieren<\/b>.<\/p>\n                    <h4>Verantwortung und bew\u00e4hrte Verfahren<\/h4>\n                    <p class=\"translation-block\">\u00dcber die strikte Einhaltung von Vorschriften hinaus <b>f\u00f6rdern wir eine Kultur der verantwortungsvollen und sicheren digitalen Nutzung<\/b>. Wir sensibilisieren unsere Teams und Kunden f\u00fcr Best Practices und Themen im Zusammenhang mit <b>Datenschutz, Cybersicherheit und digitaler Ethik und tragen so zu einer nachhaltigen und sicheren digitalen Transformation bei<\/b>.<\/p>","protected":false},"excerpt":{"rendered":"<p>Histoire Soci\u00e9t\u00e9 &#8211; Croissance Valeurs Intelligence collective &#8211; Partage Education Donn\u00e9es Priv\u00e9es &#8211; S\u00e9curit\u00e9 &#8211; IA Engagement Protection des donn\u00e9es &#8211; Right to own Long Watch Studio La soci\u00e9t\u00e9 Chez Long Watch Studio, nous croyons que la r\u00e9ussite d&rsquo;un projet repose sur l&rsquo;intelligence collective. Chaque membre de notre \u00e9quipe contribue avec ses id\u00e9es et son&hellip;<\/p>","protected":false},"author":1,"featured_media":0,"parent":0,"menu_order":0,"comment_status":"closed","ping_status":"closed","template":"","meta":{"inline_featured_image":false,"footnotes":""},"class_list":["post-231","page","type-page","status-publish","hentry"],"_links":{"self":[{"href":"https:\/\/longwatchstudio.ch\/de\/wp-json\/wp\/v2\/pages\/231","targetHints":{"allow":["GET"]}}],"collection":[{"href":"https:\/\/longwatchstudio.ch\/de\/wp-json\/wp\/v2\/pages"}],"about":[{"href":"https:\/\/longwatchstudio.ch\/de\/wp-json\/wp\/v2\/types\/page"}],"author":[{"embeddable":true,"href":"https:\/\/longwatchstudio.ch\/de\/wp-json\/wp\/v2\/users\/1"}],"replies":[{"embeddable":true,"href":"https:\/\/longwatchstudio.ch\/de\/wp-json\/wp\/v2\/comments?post=231"}],"version-history":[{"count":15,"href":"https:\/\/longwatchstudio.ch\/de\/wp-json\/wp\/v2\/pages\/231\/revisions"}],"predecessor-version":[{"id":342,"href":"https:\/\/longwatchstudio.ch\/de\/wp-json\/wp\/v2\/pages\/231\/revisions\/342"}],"wp:attachment":[{"href":"https:\/\/longwatchstudio.ch\/de\/wp-json\/wp\/v2\/media?parent=231"}],"curies":[{"name":"wp","href":"https:\/\/api.w.org\/{rel}","templated":true}]}}