{"id":389,"date":"2025-10-22T12:24:41","date_gmt":"2025-10-22T12:24:41","guid":{"rendered":"https:\/\/longwatchstudio.ch\/?page_id=389"},"modified":"2025-10-23T06:50:08","modified_gmt":"2025-10-23T06:50:08","slug":"structures-medicales","status":"publish","type":"page","link":"https:\/\/longwatchstudio.ch\/de\/structures-medicales\/","title":{"rendered":"Structures m\u00e9dicales"},"content":{"rendered":"<section aria-label=\"Nos Prestations\">\n  <h2>Cabinets M\u00e9dicaux et Soins \u00e0 Domicile<\/h2>\n  <a href=\"#audits\" aria-label=\"Audits\">\n      Audits\n      Informatique \u00b7 Process \u00b7 S\u00e9curit\u00e9\n  <\/a>\n  <a href=\"#securite\" aria-label=\"Sicherheit\">\n      S\u00e9curit\u00e9\n      Authentification \u00b7 Donn\u00e9es \u00b7 Serveurs\n  <\/a>\n  <a href=\"#ergonomie\" aria-label=\"Ergonomie\">\n      Ergonomie\n      Poste de travail \u00b7 Environnement\n  <\/a>\n  <a href=\"#infogerance\" aria-label=\"Outsourcing\">\n      Infog\u00e9rance\n      Pilotage \u00b7 Prestataires \u00b7 Formation\n  <\/a>\n<\/section>\n            <h2>Audits<\/h2>\n                    <h4>Une analyse en profondeur&#8230;<\/h4>\n                    <p>Je nach Bedarf besuchen unsere Teams Ihren Standort, um ein Audit durchzuf\u00fchren. Wir f\u00fchren folgende Aufgaben durch:<\/p>\n                    <ul>\n                        <li>Analyse Ihrer <b>internen Abl\u00e4ufe<\/b><\/li>\n                        <li>Treffen mit Mitarbeitern und Ausf\u00fcllen von massgeschneiderten Frageb\u00f6gen<\/li>\n                        <li>Analyse von Ihrer IT-Infrastruktur<\/li>\n                        <li>Conformit\u00e9 avec la LPD sur les donn\u00e9es m\u00e9dicales<\/li>\n                        <li>Status der <b>Verf\u00fcgbarkeit und Relevanz<\/b> der Informationen<\/li>\n                        <li>Liste der verwendeten Software und deren jeweiliger Einsatzzweck<\/li>\n                    <\/ul>\n                    <h4>Wissen, wie man handelt<\/h4>\n                    <p>\u00c0 l&rsquo;issue de cet audit, nos \u00e9quipes analysent les donn\u00e9es et se coordonnent afin de vous remettre un rapport d\u00e9taill\u00e9, accessible et prioris\u00e9. Ce rapport met l&rsquo;accent sur les points suivants :<\/p>\n                    <ul>\n                        <li>\u00dcberblick \u00fcber die Situation<\/li>\n                        <li>Rapport sur les points forts et points faibles de l&rsquo;organisation actuelle<\/li>\n                        <li>M\u00e9triques pr\u00e9cis sur les potentielles pertes de temps et d&rsquo;efficacit\u00e9<\/li>\n                        <li>Liste der dringend zu ergreifenden Massnahmen und der erwarteten Verbesserungen<\/li>\n                        <li>Eine Pr\u00e4sentation \u00fcber den empfohlenen mittelfristigen Entwicklungen<\/li>\n                        <li>Empfehlungen bez\u00fcglich IT-Sicherheitsmassnahmen<\/li>\n                    <\/ul>\n                    <p>Wenn es w\u00fcnschenswert ist, erstellen wir am Ende der Pr\u00e4sentation einen Zeitplan f\u00fcr die Durchf\u00fchrung vorrangiger Aufgaben, um sofortige Erfolge zu erzielen.<\/p>\n        <img decoding=\"async\" src=\"https:\/\/longwatchstudio.ch\/wp-content\/uploads\/2025\/07\/Security.svg\"\/>        \n            <h2>Sicherheit<\/h2>\n                    <h4>Conformit\u00e9 \u00e0 la LPD<\/h4>\n                    <p>Depuis 2023 et la mise en place de la <b>Loi sur la Protection des Donn\u00e9es (LPD)<\/b>, l&rsquo;ensemble des structures qui collecte des donn\u00e9es personnelles est soumise \u00e0 diff\u00e9rentes obligations. <b>Ces obligations sont renforc\u00e9es pour les donn\u00e9es sensibles<\/b>, telles que les donn\u00e9es m\u00e9dicales. Nous vous accompagnons dans la mise en place des mesures de s\u00e9curit\u00e9 n\u00e9cessaires au respect de la l\u00e9gislation et \u00e0 la protection de votre structure.<\/p>\n                    <h4>Infrastructure et utilisateurs<\/h4>\n                    <p>Pour toutes les structures m\u00e9dicales au dessus de 5 personnes, il est fortement conseill\u00e9 d&rsquo;avoir une <b>infrastructure mat\u00e9rielle centralis\u00e9e<\/b> (serveur) avec une gestion fine des utilisateurs et des autorisations. Cette infrastructure permet la mise en place d&rsquo;une authentification multi-facteurs (MFA) et d&rsquo;un pare-feu limitant les risques d&rsquo;attaque et les interruptions de service. Nos experts mettent en place des solutions mat\u00e9rielles et logicielles adapt\u00e9es \u00e0 vos besoins.<\/p>\n                    <h4>S\u00e9curit\u00e9 des logiciels<\/h4>\n                    <p>Nous supervisons le bon fonctionnement de vos logiciels g\u00e9n\u00e9riques ou m\u00e9tiers. Nous r\u00e9alisons r\u00e9guli\u00e8rement des mises \u00e0 jour de s\u00e9curit\u00e9 afin de pr\u00e9venir les risques.<\/p> \n                    <h4>Tests de vuln\u00e9rabilit\u00e9<\/h4>\n                    <p>Nous r\u00e9alisons des tests de vuln\u00e9rabilit\u00e9 r\u00e9guli\u00e8rement et informons votre personnel sur les actions \u00e0 mener ou pas selon le type d&rsquo;attaque. Notre approche p\u00e9dagogique permet d&rsquo;\u00e9viter le stress et l&rsquo;anxi\u00e9t\u00e9 li\u00e9s \u00e0 ces tests.<\/p>\n            <h2>Ergonomie<\/h2>\n                    <h4>Angepasste digitale L\u00f6sungen<\/h4>\n                    <p>Nous supervisons <b>le bon fonctionnement de vos logiciels g\u00e9n\u00e9riques ou m\u00e9tiers<\/b>. Nous proposons des outils adapt\u00e9s permettant rapidement la productivit\u00e9 et l&rsquo;efficacit\u00e9 de vos \u00e9quipes.<\/p>\n                    <p class=\"translation-block\">Wir arbeiten mit Ihren Mitarbeitern zusammen, <b>7um ein hohes Mass an Wissen \u00fcber IT-Tools, deren Nutzung und deren M\u00f6glichkeiten zu erhalten<\/b>. Ihre Teams lernen schrittweise Kompetenzen. Die eingesparte Zeit erm\u00f6glicht es ihnen, sich auf ihr Kerngesch\u00e4ft zu konzentrieren.<\/p>\n                    <h4>Ergonomie am Arbeitsplatz<\/h4>\n                    <p>Sitzende T\u00e4tigkeiten stellen eine echte Herausforderung f\u00fcr den menschlichen K\u00f6rper dar. Beispiele hierf\u00fcr sind eine statische Haltung, unergonomische Werkzeuge und intensive Sehanstrengung. Dasselbe gilt f\u00fcr die Arbeit im Feld.<\/p>\n                    <p>Nous identifions, pour chaque employ\u00e9, les contraintes quotidiennes et leur impact \u00e0 long terme sur les <b>capacit\u00e9s motrices et cognitives<\/b>. Suite \u00e0 ce constat, nous vous apportons notre expertise pour r\u00e9organiser et am\u00e9liorer ces espaces. Le but est de <b>limiter l&rsquo;impact des contraintes quotidiennes sur le long terme<\/b>.<\/p>\n                    <h4>Wohlbefinden<\/h4>\n                    <p class=\"translation-block\">Die Gew\u00e4hrleistung vom <b>Wohlbefinden von Ihren Mitarbeitern am Arbeitsplatz ist ein wichtiges wirtschaftliches Thema<\/b>. Es tr\u00e4gt zu guter Konzentration und guter Teamdynamik bei und verringert das Krankheitsrisiko.<\/p>\n                    <p>Qu&rsquo;il s&rsquo;agisse d&rsquo;organiser les espaces de pause, de mettre en place des outils de communication ou de limiter les distractions, nous avons \u00e0 coeur de <b>motiver vos \u00e9quipes au quotidien<\/b>.<\/p>\n                    <h4>Barrierefreiheit<\/h4>\n                    <p><b>L&rsquo;accessibilit\u00e9 n&rsquo;est pas qu&rsquo;une histoire de handicap<\/b>. Le simple fait de porter des lunettes, d&rsquo;avoir plus de cinquante ans ou d&rsquo;avoir une langue maternelle diff\u00e9rentes repr\u00e9sentent des d\u00e9fis.<\/p>\n                    <p>Unsere Teams finden Ihre Schwierigkeiten heraus und finden an die jeweilige Situation angepasste L\u00f6sungen.<\/p>\n        <img decoding=\"async\" src=\"https:\/\/longwatchstudio.ch\/wp-content\/uploads\/2025\/08\/Infogerance.svg\"\/>        \n            <h2>Outsourcing<\/h2>\n                    <h4>Ein Ansprechsartner, der Sie kennt<\/h4>\n                    <p>Dans de nombreuses structures, l&rsquo;informatique est g\u00e9r\u00e9e par une multitude de fournisseurs. Mat\u00e9riel, logiciels, h\u00e9bergement ou s\u00e9curit\u00e9 sont autant de sujets majeurs pour vous. Avec Long Watch Studio, vous n&rsquo;avez pas besoin d&rsquo;avoir de connaissances particuli\u00e8res. <b>Wir lernen Sie kennen und unterst\u00fctzen Sie t\u00e4glich in allen Belangen Ihrer IT<\/b>Ein Ansprechpartner, der Sie kennt und versteht. Das macht einen grossen Unterschied.<\/p>\n                    <h4>Die Verwaltung Ihrer Dienstanbieter<\/h4>\n                    <p>Votre contact chez Long Watch Studio g\u00e8re pour vous l&rsquo;ensemble des relations avec vos prestataires informatiques. Cela vous garantit de b\u00e9n\u00e9ficier des meilleurs services au meilleur prix. Pour chaque besoin identifi\u00e9, nous trouvons le meilleur prestataire qui permettra de r\u00e9pondre au mieux \u00e0 la demande, au meilleur prix. Toutes les d\u00e9cisions sont prises en coordination avec vous. Nous vous fournissons des informations claires et des rapports mensuels d\u00e9taill\u00e9s sur les actions men\u00e9es<\/p>\n                    <h4>Wir \u00fcbernehmen Ihr Software Lifecycle<\/h4>\n                    <p>Wir \u00fcberwachen die Funktion Ihrer Software - allgemein oder gesch\u00e4ftlich. Um maximale Verf\u00fcgbarkeit zu gew\u00e4hrleisten, planen wir Updates ausserhalb der B\u00fcrostunden.<\/p> \n                    <h4>Anwenderschulungen<\/h4>\n                    <p class=\"translation-block\">Wir arbeiten mit Ihren Mitarbeitern zusammen, <b>7um ein hohes Mass an Wissen \u00fcber IT-Tools, deren Nutzung und deren M\u00f6glichkeiten zu erhalten<\/b>. Ihre Teams lernen schrittweise Kompetenzen. Die eingesparte Zeit erm\u00f6glicht es ihnen, sich auf ihr Kerngesch\u00e4ft zu konzentrieren.<\/p>","protected":false},"excerpt":{"rendered":"<p>Cabinets M\u00e9dicaux et Soins \u00e0 Domicile Audits Informatique \u00b7 Process \u00b7 S\u00e9curit\u00e9 S\u00e9curit\u00e9 Authentification \u00b7 Donn\u00e9es \u00b7 Serveurs Ergonomie Poste de travail \u00b7 Environnement Infog\u00e9rance Pilotage \u00b7 Prestataires \u00b7 Formation Audits Une analyse en profondeur&#8230; Selon vos besoins, nos \u00e9quipes se d\u00e9placent sur site afin de r\u00e9aliser un audit adapt\u00e9. Nous r\u00e9alisons les op\u00e9rations suivantes&hellip;<\/p>","protected":false},"author":1,"featured_media":0,"parent":0,"menu_order":0,"comment_status":"closed","ping_status":"closed","template":"","meta":{"inline_featured_image":false,"footnotes":""},"class_list":["post-389","page","type-page","status-publish","hentry"],"_links":{"self":[{"href":"https:\/\/longwatchstudio.ch\/de\/wp-json\/wp\/v2\/pages\/389","targetHints":{"allow":["GET"]}}],"collection":[{"href":"https:\/\/longwatchstudio.ch\/de\/wp-json\/wp\/v2\/pages"}],"about":[{"href":"https:\/\/longwatchstudio.ch\/de\/wp-json\/wp\/v2\/types\/page"}],"author":[{"embeddable":true,"href":"https:\/\/longwatchstudio.ch\/de\/wp-json\/wp\/v2\/users\/1"}],"replies":[{"embeddable":true,"href":"https:\/\/longwatchstudio.ch\/de\/wp-json\/wp\/v2\/comments?post=389"}],"version-history":[{"count":7,"href":"https:\/\/longwatchstudio.ch\/de\/wp-json\/wp\/v2\/pages\/389\/revisions"}],"predecessor-version":[{"id":397,"href":"https:\/\/longwatchstudio.ch\/de\/wp-json\/wp\/v2\/pages\/389\/revisions\/397"}],"wp:attachment":[{"href":"https:\/\/longwatchstudio.ch\/de\/wp-json\/wp\/v2\/media?parent=389"}],"curies":[{"name":"wp","href":"https:\/\/api.w.org\/{rel}","templated":true}]}}